{"id":6236,"date":"2025-05-14T01:58:30","date_gmt":"2025-05-14T01:58:30","guid":{"rendered":"https:\/\/tprinvestment.online\/?page_id=6236"},"modified":"2025-05-14T01:59:57","modified_gmt":"2025-05-14T01:59:57","slug":"politica-de-reembolsos","status":"publish","type":"page","link":"https:\/\/tprinvestment.online\/?page_id=6236","title":{"rendered":"Pol\u00edtica de Reembolsos"},"content":{"rendered":"\t\t<div data-elementor-type=\"wp-page\" data-elementor-id=\"6236\" class=\"elementor elementor-6236\">\n\t\t\t\t<div class=\"elementor-element elementor-element-3c58ef3e e-flex e-con-boxed e-con e-parent\" data-id=\"3c58ef3e\" data-element_type=\"container\">\n\t\t\t\t\t<div class=\"e-con-inner\">\n\t\t\t\t<div class=\"elementor-element elementor-element-573b4867 elementor-widget elementor-widget-text-editor\" data-id=\"573b4867\" data-element_type=\"widget\" data-widget_type=\"text-editor.default\">\n\t\t\t\t<div class=\"elementor-widget-container\">\n\t\t\t\t\t\t\t\t\t<h1 class=\"\" data-start=\"195\" data-end=\"221\">Pol\u00edtica de Reembolsos<\/h1>\n<p>\u00a0<\/p>\n<h6 data-start=\"222\" data-end=\"270\"><strong data-start=\"222\" data-end=\"270\">\u00daltima actualizaci\u00f3n: 12 de Octubre 2022<br \/><\/strong><\/h6>\n<p>\u00a0<\/p>\n<p class=\"\" data-start=\"272\" data-end=\"584\">En <strong data-start=\"275\" data-end=\"293\">TPR Investment<\/strong>, nos comprometemos a brindar transparencia y claridad en todos los procesos relacionados con pagos, validaciones y servicios ofrecidos en nuestra plataforma. Esta Pol\u00edtica de Reembolsos establece las condiciones bajo las cuales un cliente puede solicitar la devoluci\u00f3n de un pago realizado.<\/p>\n<p data-start=\"272\" data-end=\"584\">\u00a0<\/p>\n<h2 class=\"\" data-start=\"586\" data-end=\"619\">1. Naturaleza de los servicios<\/h2>\n<p class=\"\" data-start=\"621\" data-end=\"888\">Los pagos efectuados en nuestra plataforma est\u00e1n asociados a procesos administrativos, validaciones, titularizaciones, servicios de gesti\u00f3n y otros procedimientos t\u00e9cnicos que inician de forma inmediata tras la confirmaci\u00f3n del registro o la activaci\u00f3n de una cuenta.<\/p>\n<p class=\"\" data-start=\"890\" data-end=\"1025\">Por esta raz\u00f3n, <strong data-start=\"906\" data-end=\"1024\">una vez iniciado el servicio, no se aceptan reembolsos, salvo en los casos expresamente indicados en esta pol\u00edtica<\/strong>.<\/p>\n<p data-start=\"890\" data-end=\"1025\">\u00a0<\/p>\n<h2 class=\"\" data-start=\"1027\" data-end=\"1065\">2. Solicitudes de reembolso v\u00e1lidas<\/h2>\n<p class=\"\" data-start=\"1067\" data-end=\"1142\">El cliente podr\u00e1 solicitar un reembolso \u00fanicamente en los siguientes casos:<\/p>\n<ul data-start=\"1144\" data-end=\"1361\">\n<li class=\"\" data-start=\"1144\" data-end=\"1199\">\n<p class=\"\" data-start=\"1146\" data-end=\"1199\">Pago duplicado por error del sistema o del cliente.<\/p>\n<\/li>\n<li class=\"\" data-start=\"1200\" data-end=\"1243\">\n<p class=\"\" data-start=\"1202\" data-end=\"1243\">Cobro incorrecto o monto no autorizado.<\/p>\n<\/li>\n<li class=\"\" data-start=\"1244\" data-end=\"1361\">\n<p class=\"\" data-start=\"1246\" data-end=\"1361\">Cancelaci\u00f3n del proceso antes de que se inicie cualquier gesti\u00f3n t\u00e9cnica, verificaci\u00f3n o validaci\u00f3n de titularidad.<\/p>\n<\/li>\n<\/ul>\n<p class=\"\" data-start=\"1363\" data-end=\"1550\">En todos los casos, ser\u00e1 necesario que el cliente env\u00ede la solicitud formal al correo <strong data-start=\"1449\" data-end=\"1481\"><a class=\"cursor-pointer\" rel=\"noopener\" data-start=\"1451\" data-end=\"1479\">soporte@tprinvestment.online<\/a><\/strong>, adjuntando el comprobante de pago y la justificaci\u00f3n del reembolso.<\/p>\n<p data-start=\"1363\" data-end=\"1550\">\u00a0<\/p>\n<h2 class=\"\" data-start=\"1552\" data-end=\"1591\">3. Plazo para solicitar un reembolso<\/h2>\n<p class=\"\" data-start=\"1593\" data-end=\"1820\">El cliente tendr\u00e1 un plazo m\u00e1ximo de <strong data-start=\"1630\" data-end=\"1648\">5 d\u00edas h\u00e1biles<\/strong> desde la fecha del pago para presentar una solicitud de reembolso v\u00e1lida. Pasado este plazo, no se aceptar\u00e1n reclamaciones, salvo por errores atribuibles a TPR Investment.<\/p>\n<p data-start=\"1593\" data-end=\"1820\">\u00a0<\/p>\n<h2 class=\"\" data-start=\"1822\" data-end=\"1850\">4. Evaluaci\u00f3n y respuesta<\/h2>\n<p class=\"\" data-start=\"1852\" data-end=\"2034\">Una vez recibida la solicitud, nuestro equipo analizar\u00e1 el caso en un plazo m\u00e1ximo de <strong data-start=\"1938\" data-end=\"1956\">7 d\u00edas h\u00e1biles<\/strong> y comunicar\u00e1 por correo electr\u00f3nico la aprobaci\u00f3n o denegaci\u00f3n del reembolso.<\/p>\n<p class=\"\" data-start=\"2036\" data-end=\"2184\">Si se aprueba, el reembolso se realizar\u00e1 utilizando el mismo m\u00e9todo de pago original, a menos que se acuerde expresamente otro canal con el cliente.<\/p>\n<p data-start=\"2036\" data-end=\"2184\">\u00a0<\/p>\n<h2 class=\"\" data-start=\"2186\" data-end=\"2203\">5. Exclusiones<\/h2>\n<p class=\"\" data-start=\"2205\" data-end=\"2270\">No se aceptar\u00e1n solicitudes de reembolso en los siguientes casos:<\/p>\n<ul data-start=\"2272\" data-end=\"2632\">\n<li class=\"\" data-start=\"2272\" data-end=\"2338\">\n<p class=\"\" data-start=\"2274\" data-end=\"2338\">El servicio ya fue iniciado o completado total o parcialmente.<\/p>\n<\/li>\n<li class=\"\" data-start=\"2339\" data-end=\"2448\">\n<p class=\"\" data-start=\"2341\" data-end=\"2448\">El cliente no cumple con los requisitos t\u00e9cnicos, documentales o legales para la activaci\u00f3n de la cuenta.<\/p>\n<\/li>\n<li class=\"\" data-start=\"2449\" data-end=\"2506\">\n<p class=\"\" data-start=\"2451\" data-end=\"2506\">El reembolso se solicita fuera del plazo establecido.<\/p>\n<\/li>\n<li class=\"\" data-start=\"2507\" data-end=\"2572\">\n<p class=\"\" data-start=\"2509\" data-end=\"2572\">El motivo de la solicitud no est\u00e1 justificado ni documentado.<\/p>\n<\/li>\n<li class=\"\" data-start=\"2573\" data-end=\"2632\">\n<p class=\"\" data-start=\"2575\" data-end=\"2632\">El cliente incumple los T\u00e9rminos y Condiciones del sitio.<\/p>\n<\/li>\n<\/ul>\n<p>\u00a0<\/p>\n<h2 class=\"\" data-start=\"2634\" data-end=\"2648\">6. Contacto<\/h2>\n<p class=\"\" data-start=\"2650\" data-end=\"2800\">Para realizar una solicitud de reembolso o consultar el estado de una solicitud ya enviada, por favor escr\u00edbenos a:<br data-start=\"2765\" data-end=\"2768\" \/><strong data-start=\"2768\" data-end=\"2800\"><a class=\"cursor-pointer\" rel=\"noopener\" data-start=\"2770\" data-end=\"2798\">info@tprinvestment.online<\/a><\/strong><\/p>\n<p>\u00a0<\/p>\n<p><!-- \/wp:paragraph --><!-- wp:paragraph --><\/p>\n<p><!-- \/wp:paragraph --><\/p>\n<div>\u00a0<\/div>\n<div>\u00a0<\/div>\t\t\t\t\t\t\t\t<\/div>\n\t\t\t\t<\/div>\n\t\t\t\t\t<\/div>\n\t\t\t\t<\/div>\n\t\t\t\t<\/div>\n\t\t","protected":false},"excerpt":{"rendered":"<p>Pol\u00edtica de Reembolsos \u00a0 \u00daltima actualizaci\u00f3n: 12 de Octubre 2022 \u00a0 En TPR Investment, nos comprometemos a brindar transparencia y claridad en todos los procesos relacionados con pagos, validaciones y servicios ofrecidos en nuestra plataforma. Esta Pol\u00edtica de Reembolsos establece las condiciones bajo las cuales un cliente puede solicitar la devoluci\u00f3n de un pago realizado. [&hellip;]<\/p>\n","protected":false},"author":1,"featured_media":0,"parent":0,"menu_order":0,"comment_status":"closed","ping_status":"open","template":"elementor_header_footer","meta":{"footnotes":""},"class_list":["post-6236","page","type-page","status-publish","hentry"],"_links":{"self":[{"href":"https:\/\/tprinvestment.online\/index.php?rest_route=\/wp\/v2\/pages\/6236","targetHints":{"allow":["GET"]}}],"collection":[{"href":"https:\/\/tprinvestment.online\/index.php?rest_route=\/wp\/v2\/pages"}],"about":[{"href":"https:\/\/tprinvestment.online\/index.php?rest_route=\/wp\/v2\/types\/page"}],"author":[{"embeddable":true,"href":"https:\/\/tprinvestment.online\/index.php?rest_route=\/wp\/v2\/users\/1"}],"replies":[{"embeddable":true,"href":"https:\/\/tprinvestment.online\/index.php?rest_route=%2Fwp%2Fv2%2Fcomments&post=6236"}],"version-history":[{"count":4,"href":"https:\/\/tprinvestment.online\/index.php?rest_route=\/wp\/v2\/pages\/6236\/revisions"}],"predecessor-version":[{"id":6240,"href":"https:\/\/tprinvestment.online\/index.php?rest_route=\/wp\/v2\/pages\/6236\/revisions\/6240"}],"wp:attachment":[{"href":"https:\/\/tprinvestment.online\/index.php?rest_route=%2Fwp%2Fv2%2Fmedia&parent=6236"}],"curies":[{"name":"wp","href":"https:\/\/api.w.org\/{rel}","templated":true}]}}