{"id":6219,"date":"2025-05-14T01:48:18","date_gmt":"2025-05-14T01:48:18","guid":{"rendered":"https:\/\/tprinvestment.online\/?page_id=6219"},"modified":"2025-05-14T01:55:40","modified_gmt":"2025-05-14T01:55:40","slug":"terminos-y-condiciones-de-uso","status":"publish","type":"page","link":"https:\/\/tprinvestment.online\/?page_id=6219","title":{"rendered":"T\u00e9rminos y Condiciones de Uso"},"content":{"rendered":"\t\t<div data-elementor-type=\"wp-page\" data-elementor-id=\"6219\" class=\"elementor elementor-6219\">\n\t\t\t\t<div class=\"elementor-element elementor-element-3c58ef3e e-flex e-con-boxed e-con e-parent\" data-id=\"3c58ef3e\" data-element_type=\"container\">\n\t\t\t\t\t<div class=\"e-con-inner\">\n\t\t\t\t<div class=\"elementor-element elementor-element-573b4867 elementor-widget elementor-widget-text-editor\" data-id=\"573b4867\" data-element_type=\"widget\" data-widget_type=\"text-editor.default\">\n\t\t\t\t<div class=\"elementor-widget-container\">\n\t\t\t\t\t\t\t\t\t<h1 class=\"\" data-start=\"321\" data-end=\"354\">T\u00e9rminos y Condiciones de Uso<\/h1>\n<p>\u00a0<\/p>\n<h6 data-start=\"355\" data-end=\"403\"><strong data-start=\"355\" data-end=\"403\">\u00daltima actualizaci\u00f3n: 12 de Octubre 2022<br \/><\/strong><\/h6>\n<p>\u00a0<\/p>\n<p class=\"\" data-start=\"405\" data-end=\"618\">Por favor, lea detenidamente los siguientes T\u00e9rminos y Condiciones antes de utilizar este sitio web. El acceso y uso de este sitio implica la aceptaci\u00f3n plena y sin reservas de las disposiciones aqu\u00ed establecidas.<\/p>\n<p data-start=\"405\" data-end=\"618\">\u00a0<\/p>\n<h2 class=\"\" data-start=\"620\" data-end=\"662\">1. Identificaci\u00f3n del titular del sitio<\/h2>\n<p class=\"\" data-start=\"664\" data-end=\"893\">El presente sitio web <a class=\"\" href=\"https:\/\/tprinvestment.online\" target=\"_new\" rel=\"noopener\" data-start=\"686\" data-end=\"746\">https:\/\/tprinvestment.online<\/a> es operado por <strong data-start=\"762\" data-end=\"780\">TPR Investment<\/strong>, entidad dedicada a la provisi\u00f3n de servicios de inversi\u00f3n, gesti\u00f3n de cuentas, asesor\u00eda y educaci\u00f3n financiera.<\/p>\n<p data-start=\"664\" data-end=\"893\">\u00a0<\/p>\n<h2 class=\"\" data-start=\"895\" data-end=\"927\">2. Aceptaci\u00f3n de los t\u00e9rminos<\/h2>\n<p class=\"\" data-start=\"929\" data-end=\"1133\">Al registrarse, acceder o utilizar nuestros servicios, usted declara haber le\u00eddo, comprendido y aceptado estos T\u00e9rminos y Condiciones. En caso de no estar de acuerdo, debe abstenerse de utilizar el sitio.<\/p>\n<p data-start=\"929\" data-end=\"1133\">\u00a0<\/p>\n<h2 class=\"\" data-start=\"1135\" data-end=\"1154\">3. Uso del sitio<\/h2>\n<p class=\"\" data-start=\"1156\" data-end=\"1183\">El usuario se compromete a:<\/p>\n<ul data-start=\"1185\" data-end=\"1557\">\n<li class=\"\" data-start=\"1185\" data-end=\"1295\">\n<p class=\"\" data-start=\"1187\" data-end=\"1295\">Utilizar el sitio web \u00fanicamente para fines legales y personales relacionados con los servicios ofrecidos.<\/p>\n<\/li>\n<li class=\"\" data-start=\"1296\" data-end=\"1379\">\n<p class=\"\" data-start=\"1298\" data-end=\"1379\">Proporcionar informaci\u00f3n veraz, completa y actualizada al momento del registro.<\/p>\n<\/li>\n<li class=\"\" data-start=\"1380\" data-end=\"1452\">\n<p class=\"\" data-start=\"1382\" data-end=\"1452\">No suplantar la identidad de terceros ni utilizar informaci\u00f3n falsa.<\/p>\n<\/li>\n<li class=\"\" data-start=\"1453\" data-end=\"1557\">\n<p class=\"\" data-start=\"1455\" data-end=\"1557\">No realizar actividades que puedan comprometer la seguridad, funcionalidad o disponibilidad del sitio.<\/p>\n<\/li>\n<\/ul>\n<p>\u00a0<\/p>\n<h2 class=\"\" data-start=\"1559\" data-end=\"1582\">4. Registro y acceso<\/h2>\n<p class=\"\" data-start=\"1584\" data-end=\"1854\">Para acceder a determinados servicios, es necesario completar el formulario de registro. TPR Investment se reserva el derecho de aceptar, rechazar o suspender el registro de cualquier usuario, seg\u00fan su propio criterio, sin que esto genere derecho a indemnizaci\u00f3n alguna.<\/p>\n<p class=\"\" data-start=\"1856\" data-end=\"1992\">El usuario es responsable de mantener la confidencialidad de sus credenciales y de todas las actividades que se realicen bajo su cuenta.<\/p>\n<p data-start=\"1856\" data-end=\"1992\">\u00a0<\/p>\n<h2 class=\"\" data-start=\"1994\" data-end=\"2015\">5. Responsabilidad<\/h2>\n<p class=\"\" data-start=\"2017\" data-end=\"2059\">TPR Investment no se hace responsable por:<\/p>\n<ul data-start=\"2061\" data-end=\"2343\">\n<li class=\"\" data-start=\"2061\" data-end=\"2138\">\n<p class=\"\" data-start=\"2063\" data-end=\"2138\">Fallos t\u00e9cnicos, interrupciones o errores en el funcionamiento del sitio.<\/p>\n<\/li>\n<li class=\"\" data-start=\"2139\" data-end=\"2225\">\n<p class=\"\" data-start=\"2141\" data-end=\"2225\">Da\u00f1os directos o indirectos derivados del uso o la imposibilidad de uso del sitio.<\/p>\n<\/li>\n<li class=\"\" data-start=\"2226\" data-end=\"2343\">\n<p class=\"\" data-start=\"2228\" data-end=\"2343\">P\u00e9rdida de datos o accesos no autorizados que resulten del incumplimiento del usuario en proteger sus credenciales.<\/p>\n<\/li>\n<\/ul>\n<p>\u00a0<\/p>\n<h2 class=\"\" data-start=\"2345\" data-end=\"2372\">6. Servicios financieros<\/h2>\n<p class=\"\" data-start=\"2374\" data-end=\"2665\">Los productos y servicios ofrecidos por TPR Investment est\u00e1n destinados a personas mayores de edad y pueden implicar riesgos financieros. El usuario declara comprender que toda inversi\u00f3n conlleva posibilidad de p\u00e9rdidas, y que debe actuar bajo su propio criterio o asesoramiento profesional.<\/p>\n<p class=\"\" data-start=\"2667\" data-end=\"2742\">TPR Investment no garantiza rendimientos futuros ni resultados espec\u00edficos.<\/p>\n<p data-start=\"2667\" data-end=\"2742\">\u00a0<\/p>\n<h2 class=\"\" data-start=\"2744\" data-end=\"2771\">7. Propiedad intelectual<\/h2>\n<p class=\"\" data-start=\"2773\" data-end=\"3031\">Todo el contenido del sitio (textos, im\u00e1genes, logotipos, marcas, software, bases de datos) es propiedad de TPR Investment o de sus licenciantes y se encuentra protegido por leyes de propiedad intelectual. Queda prohibida su reproducci\u00f3n o uso no autorizado.<\/p>\n<p data-start=\"2773\" data-end=\"3031\">\u00a0<\/p>\n<h2 class=\"\" data-start=\"3033\" data-end=\"3053\">8. Modificaciones<\/h2>\n<p class=\"\" data-start=\"3055\" data-end=\"3310\">TPR Investment se reserva el derecho de modificar estos T\u00e9rminos y Condiciones en cualquier momento. Las modificaciones entrar\u00e1n en vigor a partir de su publicaci\u00f3n en esta misma secci\u00f3n. El uso continuado del sitio tras los cambios implica su aceptaci\u00f3n.<\/p>\n<p data-start=\"3055\" data-end=\"3310\">\u00a0<\/p>\n<h2 class=\"\" data-start=\"3312\" data-end=\"3337\">9. Protecci\u00f3n de datos<\/h2>\n<p class=\"\" data-start=\"3339\" data-end=\"3489\">El tratamiento de los datos personales se rige por nuestra <strong data-start=\"3398\" data-end=\"3424\">Pol\u00edtica de Privacidad<\/strong>, la cual forma parte integrante de estos T\u00e9rminos y Condiciones.<\/p>\n<p data-start=\"3339\" data-end=\"3489\">\u00a0<\/p>\n<h2 class=\"\" data-start=\"3491\" data-end=\"3534\">10. Legislaci\u00f3n aplicable y jurisdicci\u00f3n<\/h2>\n<p class=\"\" data-start=\"3536\" data-end=\"3731\">Estos T\u00e9rminos y Condiciones se rigen por las leyes vigentes en la jurisdicci\u00f3n donde opera TPR Investment. Cualquier controversia ser\u00e1 sometida a los tribunales competentes del mismo territorio.<\/p>\n<p data-start=\"3536\" data-end=\"3731\">\u00a0<\/p>\n<h2 class=\"\" data-start=\"3733\" data-end=\"3748\">11. Contacto<\/h2>\n<p class=\"\" data-start=\"3750\" data-end=\"3898\">Para consultas relacionadas con estos T\u00e9rminos y Condiciones, puede contactarnos al siguiente correo electr\u00f3nico:<br data-start=\"3863\" data-end=\"3866\" \/><strong data-start=\"3866\" data-end=\"3898\"><a class=\"cursor-pointer\" rel=\"noopener\" data-start=\"3868\" data-end=\"3896\">info@tprinvestment.online<\/a><\/strong><\/p>\t\t\t\t\t\t\t\t<\/div>\n\t\t\t\t<\/div>\n\t\t\t\t\t<\/div>\n\t\t\t\t<\/div>\n\t\t\t\t<\/div>\n\t\t","protected":false},"excerpt":{"rendered":"<p>T\u00e9rminos y Condiciones de Uso \u00a0 \u00daltima actualizaci\u00f3n: 12 de Octubre 2022 \u00a0 Por favor, lea detenidamente los siguientes T\u00e9rminos y Condiciones antes de utilizar este sitio web. El acceso y uso de este sitio implica la aceptaci\u00f3n plena y sin reservas de las disposiciones aqu\u00ed establecidas. \u00a0 1. Identificaci\u00f3n del titular del sitio El [&hellip;]<\/p>\n","protected":false},"author":1,"featured_media":0,"parent":0,"menu_order":0,"comment_status":"closed","ping_status":"open","template":"elementor_header_footer","meta":{"footnotes":""},"class_list":["post-6219","page","type-page","status-publish","hentry"],"_links":{"self":[{"href":"https:\/\/tprinvestment.online\/index.php?rest_route=\/wp\/v2\/pages\/6219","targetHints":{"allow":["GET"]}}],"collection":[{"href":"https:\/\/tprinvestment.online\/index.php?rest_route=\/wp\/v2\/pages"}],"about":[{"href":"https:\/\/tprinvestment.online\/index.php?rest_route=\/wp\/v2\/types\/page"}],"author":[{"embeddable":true,"href":"https:\/\/tprinvestment.online\/index.php?rest_route=\/wp\/v2\/users\/1"}],"replies":[{"embeddable":true,"href":"https:\/\/tprinvestment.online\/index.php?rest_route=%2Fwp%2Fv2%2Fcomments&post=6219"}],"version-history":[{"count":4,"href":"https:\/\/tprinvestment.online\/index.php?rest_route=\/wp\/v2\/pages\/6219\/revisions"}],"predecessor-version":[{"id":6226,"href":"https:\/\/tprinvestment.online\/index.php?rest_route=\/wp\/v2\/pages\/6219\/revisions\/6226"}],"wp:attachment":[{"href":"https:\/\/tprinvestment.online\/index.php?rest_route=%2Fwp%2Fv2%2Fmedia&parent=6219"}],"curies":[{"name":"wp","href":"https:\/\/api.w.org\/{rel}","templated":true}]}}